{"id":22,"date":"2020-09-28T11:57:51","date_gmt":"2020-09-28T11:57:51","guid":{"rendered":"\/docs-gik-b4p\/medien\/"},"modified":"2020-12-10T08:55:25","modified_gmt":"2020-12-10T08:55:25","slug":"medien","status":"publish","type":"page","link":"\/docs-gik-b4p\/hilfe\/die-programmoberflaeche\/medien\/","title":{"rendered":"Medien"},"content":{"rendered":"\n<p>Medienwerte zum Weitesten Nutzerkreis (WNK) werden aus dem Ordner \u201eMedien\u201c in die Tabelle eingef\u00fcgt.<\/p>\n\n\n\n<p>\u00dcber das Info-Icon k\u00f6nnen Sie Informationen zum Medium aufrufen. F\u00fcr Printmedien wird z.B. angegeben, in welcher Tarifkombination der Einzeltitel enthalten ist, oder bei Titelkombinationen, \u00fcber welche Einzeltitel die markierte Kombi gebildet wird.<\/p>\n\n\n\n<figure class=\"wp-block-image size-large\"><a href=\"\/docs-gik-b4p\/wp-content\/uploads\/sites\/3\/2020\/09\/a_medien1.png\"><img loading=\"lazy\" decoding=\"async\" width=\"343\" height=\"206\" src=\"\/docs-gik-b4p\/wp-content\/uploads\/sites\/3\/2020\/09\/a_medien1.png\" alt=\"\" class=\"wp-image-71\" srcset=\"\/docs-gik-b4p\/wp-content\/uploads\/sites\/3\/2020\/09\/a_medien1.png 343w, \/docs-gik-b4p\/wp-content\/uploads\/sites\/3\/2020\/09\/a_medien1-300x180.png 300w\" sizes=\"auto, (max-width: 343px) 100vw, 343px\" \/><\/a><\/figure>\n\n\n\n<p>Die Kombizusammensetzung wird \u00fcber die Angaben im aktuellen Datensatz ermittelt.<\/p>\n\n\n\n<figure class=\"wp-block-image size-large\"><a href=\"\/docs-gik-b4p\/wp-content\/uploads\/sites\/3\/2020\/09\/a_medien2.png\"><img loading=\"lazy\" decoding=\"async\" width=\"403\" height=\"132\" src=\"\/docs-gik-b4p\/wp-content\/uploads\/sites\/3\/2020\/09\/a_medien2.png\" alt=\"\" class=\"wp-image-72\" srcset=\"\/docs-gik-b4p\/wp-content\/uploads\/sites\/3\/2020\/09\/a_medien2.png 403w, \/docs-gik-b4p\/wp-content\/uploads\/sites\/3\/2020\/09\/a_medien2-300x98.png 300w\" sizes=\"auto, (max-width: 403px) 100vw, 403px\" \/><\/a><\/figure>\n","protected":false},"excerpt":{"rendered":"<p>Medienwerte zum Weitesten Nutzerkreis (WNK) werden aus dem Ordner \u201eMedien\u201c in die Tabelle eingef\u00fcgt. \u00dcber das Info-Icon k\u00f6nnen Sie Informationen zum Medium aufrufen. F\u00fcr Printmedien wird z.B. angegeben, in welcher Tarifkombination der Einzeltitel enthalten ist, oder bei Titelkombinationen, \u00fcber welche Einzeltitel die markierte Kombi gebildet wird. Die Kombizusammensetzung wird \u00fcber die Angaben im aktuellen Datensatz [&hellip;]<\/p>\n","protected":false},"author":1,"featured_media":0,"parent":28,"menu_order":4,"comment_status":"closed","ping_status":"closed","template":"","meta":{"_acf_changed":false,"inline_featured_image":false,"footnotes":""},"class_list":["post-22","page","type-page","status-publish","hentry"],"acf":[],"_links":{"self":[{"href":"\/docs-gik-b4p\/wp-json\/wp\/v2\/pages\/22","targetHints":{"allow":["GET"]}}],"collection":[{"href":"\/docs-gik-b4p\/wp-json\/wp\/v2\/pages"}],"about":[{"href":"\/docs-gik-b4p\/wp-json\/wp\/v2\/types\/page"}],"author":[{"embeddable":true,"href":"\/docs-gik-b4p\/wp-json\/wp\/v2\/users\/1"}],"replies":[{"embeddable":true,"href":"\/docs-gik-b4p\/wp-json\/wp\/v2\/comments?post=22"}],"version-history":[{"count":2,"href":"\/docs-gik-b4p\/wp-json\/wp\/v2\/pages\/22\/revisions"}],"predecessor-version":[{"id":760,"href":"\/docs-gik-b4p\/wp-json\/wp\/v2\/pages\/22\/revisions\/760"}],"up":[{"embeddable":true,"href":"\/docs-gik-b4p\/wp-json\/wp\/v2\/pages\/28"}],"wp:attachment":[{"href":"\/docs-gik-b4p\/wp-json\/wp\/v2\/media?parent=22"}],"curies":[{"name":"wp","href":"https:\/\/api.w.org\/{rel}","templated":true}]}}