{"id":20,"date":"2020-09-28T11:57:51","date_gmt":"2020-09-28T11:57:51","guid":{"rendered":"\/docs-gik-b4p\/finder\/"},"modified":"2020-12-09T16:32:46","modified_gmt":"2020-12-09T16:32:46","slug":"finder","status":"publish","type":"page","link":"\/docs-gik-b4p\/hilfe\/die-programmoberflaeche\/finder\/","title":{"rendered":"Finder"},"content":{"rendered":"\n<div class=\"wp-block-media-text alignwide is-stacked-on-mobile\" style=\"grid-template-columns:37% auto\"><figure class=\"wp-block-media-text__media\"><a href=\"\/docs-gik-b4p\/wp-content\/uploads\/sites\/3\/2020\/09\/finder.png\"><img loading=\"lazy\" decoding=\"async\" width=\"253\" height=\"490\" src=\"\/docs-gik-b4p\/wp-content\/uploads\/sites\/3\/2020\/09\/finder.png\" alt=\"\" class=\"wp-image-56\" srcset=\"\/docs-gik-b4p\/wp-content\/uploads\/sites\/3\/2020\/09\/finder.png 253w, \/docs-gik-b4p\/wp-content\/uploads\/sites\/3\/2020\/09\/finder-155x300.png 155w\" sizes=\"auto, (max-width: 253px) 100vw, 253px\" \/><\/a><\/figure><div class=\"wp-block-media-text__content\">\n<p>Mit [Enter] oder Klick auf das Lupensymbol wird die Suche nach der eingegebenen Zeichenfolge im Codeplan und im Medienordner gestartet.<\/p>\n\n\n\n<p>Die Suchergebnisse werden in einer Liste unterhalb des Eingabefensters aufgef\u00fchrt.<\/p>\n\n\n\n<ul class=\"wp-block-list\"><li>Einzelne Zielgruppen oder komplette Ordner aus dem Codeplan sowie Medien aus dem Medienordner k\u00f6nnen direkt in die Auswertung eingef\u00fcgt werden.<\/li><li>Oder springen Sie mit Klick auf das Merkmal an die Stelle des Codeplans.<\/li><\/ul>\n<\/div><\/div>\n","protected":false},"excerpt":{"rendered":"<p>Mit [Enter] oder Klick auf das Lupensymbol wird die Suche nach der eingegebenen Zeichenfolge im Codeplan und im Medienordner gestartet. Die Suchergebnisse werden in einer Liste unterhalb des Eingabefensters aufgef\u00fchrt. Einzelne Zielgruppen oder komplette Ordner aus dem Codeplan sowie Medien aus dem Medienordner k\u00f6nnen direkt in die Auswertung eingef\u00fcgt werden. Oder springen Sie mit Klick [&hellip;]<\/p>\n","protected":false},"author":1,"featured_media":0,"parent":28,"menu_order":2,"comment_status":"closed","ping_status":"closed","template":"","meta":{"_acf_changed":false,"inline_featured_image":false,"footnotes":""},"class_list":["post-20","page","type-page","status-publish","hentry"],"acf":[],"_links":{"self":[{"href":"\/docs-gik-b4p\/wp-json\/wp\/v2\/pages\/20","targetHints":{"allow":["GET"]}}],"collection":[{"href":"\/docs-gik-b4p\/wp-json\/wp\/v2\/pages"}],"about":[{"href":"\/docs-gik-b4p\/wp-json\/wp\/v2\/types\/page"}],"author":[{"embeddable":true,"href":"\/docs-gik-b4p\/wp-json\/wp\/v2\/users\/1"}],"replies":[{"embeddable":true,"href":"\/docs-gik-b4p\/wp-json\/wp\/v2\/comments?post=20"}],"version-history":[{"count":8,"href":"\/docs-gik-b4p\/wp-json\/wp\/v2\/pages\/20\/revisions"}],"predecessor-version":[{"id":758,"href":"\/docs-gik-b4p\/wp-json\/wp\/v2\/pages\/20\/revisions\/758"}],"up":[{"embeddable":true,"href":"\/docs-gik-b4p\/wp-json\/wp\/v2\/pages\/28"}],"wp:attachment":[{"href":"\/docs-gik-b4p\/wp-json\/wp\/v2\/media?parent=20"}],"curies":[{"name":"wp","href":"https:\/\/api.w.org\/{rel}","templated":true}]}}