{"id":167,"date":"2020-10-08T06:19:39","date_gmt":"2020-10-08T06:19:39","guid":{"rendered":"\/docs-gik-b4p\/layout-der-excel-ausgabe\/"},"modified":"2020-10-14T10:43:47","modified_gmt":"2020-10-14T10:43:47","slug":"layout-der-excel-ausgabe","status":"publish","type":"page","link":"\/docs-gik-b4p\/hilfe\/allgemeine-einstellungen\/layout-der-excel-ausgabe\/","title":{"rendered":"Layout der Excel-Ausgabe"},"content":{"rendered":"\n<p>Neben Schriftart, Schriftgr\u00f6\u00dfe und Papierformat kann hier festgelegt werden, ob die Ausgabe farbig oder schwarz-wei\u00df nach Excel \u00fcbergeben wird.<\/p>\n\n\n\n<p>Ein hochgeladenes Logo wird auf der ersten Seite der Excelausgabe eingebunden.<\/p>\n\n\n\n<figure class=\"wp-block-image size-large\"><img loading=\"lazy\" decoding=\"async\" width=\"793\" height=\"606\" src=\"\/docs-gik-b4p\/wp-content\/uploads\/sites\/3\/2020\/10\/allgemein3-e1602665957782.png\" alt=\"\" class=\"wp-image-490\" srcset=\"\/docs-gik-b4p\/wp-content\/uploads\/sites\/3\/2020\/10\/allgemein3-e1602665957782.png 793w, \/docs-gik-b4p\/wp-content\/uploads\/sites\/3\/2020\/10\/allgemein3-e1602665957782-300x229.png 300w, \/docs-gik-b4p\/wp-content\/uploads\/sites\/3\/2020\/10\/allgemein3-e1602665957782-768x587.png 768w\" sizes=\"auto, (max-width: 793px) 100vw, 793px\" \/><\/figure>\n","protected":false},"excerpt":{"rendered":"<p>Neben Schriftart, Schriftgr\u00f6\u00dfe und Papierformat kann hier festgelegt werden, ob die Ausgabe farbig oder schwarz-wei\u00df nach Excel \u00fcbergeben wird. Ein hochgeladenes Logo wird auf der ersten Seite der Excelausgabe eingebunden.<\/p>\n","protected":false},"author":1,"featured_media":0,"parent":34,"menu_order":1,"comment_status":"closed","ping_status":"closed","template":"","meta":{"_acf_changed":false,"inline_featured_image":false,"footnotes":""},"class_list":["post-167","page","type-page","status-publish","hentry"],"acf":[],"_links":{"self":[{"href":"\/docs-gik-b4p\/wp-json\/wp\/v2\/pages\/167","targetHints":{"allow":["GET"]}}],"collection":[{"href":"\/docs-gik-b4p\/wp-json\/wp\/v2\/pages"}],"about":[{"href":"\/docs-gik-b4p\/wp-json\/wp\/v2\/types\/page"}],"author":[{"embeddable":true,"href":"\/docs-gik-b4p\/wp-json\/wp\/v2\/users\/1"}],"replies":[{"embeddable":true,"href":"\/docs-gik-b4p\/wp-json\/wp\/v2\/comments?post=167"}],"version-history":[{"count":3,"href":"\/docs-gik-b4p\/wp-json\/wp\/v2\/pages\/167\/revisions"}],"predecessor-version":[{"id":608,"href":"\/docs-gik-b4p\/wp-json\/wp\/v2\/pages\/167\/revisions\/608"}],"up":[{"embeddable":true,"href":"\/docs-gik-b4p\/wp-json\/wp\/v2\/pages\/34"}],"wp:attachment":[{"href":"\/docs-gik-b4p\/wp-json\/wp\/v2\/media?parent=167"}],"curies":[{"name":"wp","href":"https:\/\/api.w.org\/{rel}","templated":true}]}}